{"id":211,"date":"2024-07-06T09:07:56","date_gmt":"2024-07-06T07:07:56","guid":{"rendered":"https:\/\/ronald-wilksen.de\/?page_id=211"},"modified":"2025-04-17T08:31:42","modified_gmt":"2025-04-17T06:31:42","slug":"impressum","status":"publish","type":"page","link":"https:\/\/ronald-wilksen.de\/es\/impressum\/","title":{"rendered":"Pie de imprenta"},"content":{"rendered":"<div data-elementor-type=\"wp-page\" data-elementor-id=\"211\" class=\"elementor elementor-211\" data-elementor-settings=\"{&quot;element_pack_global_tooltip_width&quot;:{&quot;unit&quot;:&quot;px&quot;,&quot;size&quot;:&quot;&quot;,&quot;sizes&quot;:[]},&quot;element_pack_global_tooltip_width_tablet&quot;:{&quot;unit&quot;:&quot;px&quot;,&quot;size&quot;:&quot;&quot;,&quot;sizes&quot;:[]},&quot;element_pack_global_tooltip_width_mobile&quot;:{&quot;unit&quot;:&quot;px&quot;,&quot;size&quot;:&quot;&quot;,&quot;sizes&quot;:[]},&quot;element_pack_global_tooltip_padding&quot;:{&quot;unit&quot;:&quot;px&quot;,&quot;top&quot;:&quot;&quot;,&quot;right&quot;:&quot;&quot;,&quot;bottom&quot;:&quot;&quot;,&quot;left&quot;:&quot;&quot;,&quot;isLinked&quot;:true},&quot;element_pack_global_tooltip_padding_tablet&quot;:{&quot;unit&quot;:&quot;px&quot;,&quot;top&quot;:&quot;&quot;,&quot;right&quot;:&quot;&quot;,&quot;bottom&quot;:&quot;&quot;,&quot;left&quot;:&quot;&quot;,&quot;isLinked&quot;:true},&quot;element_pack_global_tooltip_padding_mobile&quot;:{&quot;unit&quot;:&quot;px&quot;,&quot;top&quot;:&quot;&quot;,&quot;right&quot;:&quot;&quot;,&quot;bottom&quot;:&quot;&quot;,&quot;left&quot;:&quot;&quot;,&quot;isLinked&quot;:true},&quot;element_pack_global_tooltip_border_radius&quot;:{&quot;unit&quot;:&quot;px&quot;,&quot;top&quot;:&quot;&quot;,&quot;right&quot;:&quot;&quot;,&quot;bottom&quot;:&quot;&quot;,&quot;left&quot;:&quot;&quot;,&quot;isLinked&quot;:true},&quot;element_pack_global_tooltip_border_radius_tablet&quot;:{&quot;unit&quot;:&quot;px&quot;,&quot;top&quot;:&quot;&quot;,&quot;right&quot;:&quot;&quot;,&quot;bottom&quot;:&quot;&quot;,&quot;left&quot;:&quot;&quot;,&quot;isLinked&quot;:true},&quot;element_pack_global_tooltip_border_radius_mobile&quot;:{&quot;unit&quot;:&quot;px&quot;,&quot;top&quot;:&quot;&quot;,&quot;right&quot;:&quot;&quot;,&quot;bottom&quot;:&quot;&quot;,&quot;left&quot;:&quot;&quot;,&quot;isLinked&quot;:true}}\" data-elementor-post-type=\"page\">\n\t\t\t\t<div class=\"elementor-element elementor-element-27f219c4 e-flex e-con-boxed e-con e-parent\" data-id=\"27f219c4\" data-element_type=\"container\" data-e-type=\"container\" data-settings=\"{&quot;background_background&quot;:&quot;gradient&quot;}\">\n\t\t\t\t\t<div class=\"e-con-inner\">\n\t\t<div class=\"elementor-element elementor-element-6760d170 e-con-full e-flex e-con e-child\" data-id=\"6760d170\" data-element_type=\"container\" data-e-type=\"container\">\n\t\t\t\t<div class=\"elementor-element elementor-element-2bf6c1aa elementor-align-right elementor-widget elementor-widget-breadcrumbs\" data-id=\"2bf6c1aa\" data-element_type=\"widget\" data-e-type=\"widget\" data-widget_type=\"breadcrumbs.default\">\n\t\t\t\t<div class=\"elementor-widget-container\">\n\t\t\t\t\t<p id=\"breadcrumbs\"><span><span><a href=\"https:\/\/ronald-wilksen.de\/es\/\">P\u00e1gina de inicio<\/a><\/span><\/span><\/p>\t\t\t\t<\/div>\n\t\t\t\t<\/div>\n\t\t\t\t<\/div>\n\t\t\t\t\t<\/div>\n\t\t\t\t<\/div>\n\t\t<div class=\"elementor-element elementor-element-3a3b13b1 e-flex e-con-boxed e-con e-parent\" data-id=\"3a3b13b1\" data-element_type=\"container\" data-e-type=\"container\" data-settings=\"{&quot;background_background&quot;:&quot;classic&quot;}\">\n\t\t\t\t\t<div class=\"e-con-inner\">\n\t\t\t\t<div class=\"elementor-element elementor-element-7b6a1ae elementor-widget elementor-widget-heading\" data-id=\"7b6a1ae\" data-element_type=\"widget\" data-e-type=\"widget\" data-widget_type=\"heading.default\">\n\t\t\t\t<div class=\"elementor-widget-container\">\n\t\t\t\t\t<h1 class=\"elementor-heading-title elementor-size-default\">Pie de imprenta<\/h1>\t\t\t\t<\/div>\n\t\t\t\t<\/div>\n\t\t\t\t\t<\/div>\n\t\t\t\t<\/div>\n\t\t<div class=\"elementor-element elementor-element-6c3e52fb e-flex e-con-boxed e-con e-parent\" data-id=\"6c3e52fb\" data-element_type=\"container\" data-e-type=\"container\">\n\t\t\t\t\t<div class=\"e-con-inner\">\n\t\t<div class=\"elementor-element elementor-element-61b797ab e-con-full e-flex e-con e-child\" data-id=\"61b797ab\" data-element_type=\"container\" data-e-type=\"container\">\n\t\t\t\t<div class=\"elementor-element elementor-element-6b599f08 elementor-widget elementor-widget-text-editor\" data-id=\"6b599f08\" data-element_type=\"widget\" data-e-type=\"widget\" data-widget_type=\"text-editor.default\">\n\t\t\t\t<div class=\"elementor-widget-container\">\n\t\t\t\t\t\t\t\t\t<p><strong>Ronald Wilksen GmbH<\/strong><br \/>Rodamiento 4<br \/>27639 Wurster Costa del Mar del Norte<\/p><p>Propietario: Henrik Schwerdts<br \/>IVA ID: DE197713580<br \/>N\u00famero de identificaci\u00f3n fiscal: 49\/200\/20820<\/p><p><strong>correo electr\u00f3nico<\/strong><br \/>info@ronald-wilksen.de<\/p><p><strong>Tel\u00e9fono\u00a0<\/strong><br \/>04741 7102<\/p><p><strong>Fax:<\/strong><br \/>04741 7194<br \/><br \/>Responsable del contenido: seg\u00fan \u00a7 10 p\u00e1rrafo 3 MDStV: Henrik Schwertds con la direcci\u00f3n arriba indicada<\/p><p><strong>Dise\u00f1o de p\u00e1ginas web<\/strong><br \/><a href=\"https:\/\/21havn.de\">21HAVN<\/a><\/p>\t\t\t\t\t\t\t\t<\/div>\n\t\t\t\t<\/div>\n\t\t\t\t<div class=\"elementor-element elementor-element-79575617 elementor-widget-divider--view-line elementor-widget elementor-widget-divider\" data-id=\"79575617\" data-element_type=\"widget\" data-e-type=\"widget\" data-widget_type=\"divider.default\">\n\t\t\t\t<div class=\"elementor-widget-container\">\n\t\t\t\t\t\t\t<div class=\"elementor-divider\">\n\t\t\t<span class=\"elementor-divider-separator\">\n\t\t\t\t\t\t<\/span>\n\t\t<\/div>\n\t\t\t\t\t\t<\/div>\n\t\t\t\t<\/div>\n\t\t\t\t<div class=\"elementor-element elementor-element-28023e60 elementor-widget elementor-widget-text-editor\" data-id=\"28023e60\" data-element_type=\"widget\" data-e-type=\"widget\" data-widget_type=\"text-editor.default\">\n\t\t\t\t<div class=\"elementor-widget-container\">\n\t\t\t\t\t\t\t\t\t<p><strong>Gr\u00e1ficos e im\u00e1genes<\/strong><\/p><p>Im\u00e1genes de Pixabay.com y Unsplash.com:<br \/>Todas las im\u00e1genes y v\u00eddeos proporcionados en Pixabay y Unsplash son de dominio p\u00fablico de acuerdo con la cl\u00e1usula de exenci\u00f3n de responsabilidad de Creative Commons CC0. En la medida de lo legalmente posible, los autores han cedido todos los derechos de autor y derechos afines al contenido. Por tanto, las im\u00e1genes y los v\u00eddeos no est\u00e1n sujetos a derechos de autor y pueden utilizarse -modificados o sin modificar- gratuitamente para aplicaciones comerciales y no comerciales en formato digital o impreso sin cr\u00e9ditos de imagen ni indicaci\u00f3n de la fuente.<\/p><p><strong>Resoluci\u00f3n de litigios<br \/><\/strong>La Comisi\u00f3n Europea ofrece una plataforma para la resoluci\u00f3n de litigios en l\u00ednea (ODR) en http:\/\/ec.europa.eu\/consumers\/odr. Tenga en cuenta que actualmente no participamos en este procedimiento alternativo de resoluci\u00f3n de litigios.<\/p><p><strong>Cl\u00e1usula de responsabilidad<\/strong><br \/>El contenido de este proyecto web ha sido cuidadosamente comprobado y recopilado seg\u00fan nuestro leal saber y entender. No obstante, no se garantiza la integridad, actualidad, calidad y exactitud de la informaci\u00f3n aqu\u00ed presentada. No se aceptar\u00e1 responsabilidad alguna por da\u00f1os de cualquier tipo derivados de la confianza depositada en el contenido de este sitio web o de su uso.<\/p><p><strong>Copyright<\/strong><br \/>La maquetaci\u00f3n y el dise\u00f1o del sitio web en su conjunto y sus elementos individuales est\u00e1n protegidos por derechos de autor. Lo mismo se aplica a las contribuciones editoriales individuales, as\u00ed como a su selecci\u00f3n y compilaci\u00f3n. Su uso y reproducci\u00f3n s\u00f3lo est\u00e1n permitidos con fines privados, sin modificaciones y con indicaci\u00f3n de la fuente. El uso p\u00fablico del sitio web s\u00f3lo est\u00e1 permitido con el consentimiento del operador. Esto no se aplica a la informaci\u00f3n y avisos oficiales. El contenido de \u00e9stos puede ser utilizado libremente por cualquier persona sin autorizaci\u00f3n especial. Las fotograf\u00edas y los gr\u00e1ficos s\u00f3lo podr\u00e1n utilizarse sin autorizaci\u00f3n especial del operador si as\u00ed se indica expresamente en la p\u00e1gina correspondiente.<\/p><p><strong>Vulneraci\u00f3n de los derechos de propiedad<\/strong><br \/>Si sospecha que este sitio web infringe alguno de sus derechos de propiedad, inf\u00f3rmenos inmediatamente para que podamos tomar medidas correctivas inmediatas. Por favor, tenga en cuenta que la intervenci\u00f3n de un abogado para emitir una advertencia, a expensas del proveedor, no es nuestra intenci\u00f3n y ser\u00e1 rechazada en el sentido del deber de minimizar los da\u00f1os.<\/p><p><strong>Cl\u00e1usula de salvedad<\/strong>Si una de las cl\u00e1usulas\/disposiciones anteriores quedara invalidada total o parcialmente debido a disposiciones legales, reglamentos o modificaciones de la ley, dicha disposici\u00f3n ser\u00e1 sustituida por la que m\u00e1s se aproxime a la finalidad prevista de la cl\u00e1usula\/disposici\u00f3n. Las dem\u00e1s disposiciones no se ver\u00e1n afectadas por ello y seguir\u00e1n aplic\u00e1ndose \u00edntegramente.<\/p>\t\t\t\t\t\t\t\t<\/div>\n\t\t\t\t<\/div>\n\t\t\t\t<\/div>\n\t\t\t\t\t<\/div>\n\t\t\t\t<\/div>\n\t\t\t\t<\/div>","protected":false},"excerpt":{"rendered":"<p>Ronald Wilksen GmbHPeilstelle 427639 Wurster Nordseek\u00fcste Inhaber: Henrik SchwerdtsUSt.-ID: DE197713580Steuernummer: 49\/200\/20820 Emailinfo@ronald-wilksen.de Telefon\u00a004741 7102 Telefax:04741 7194 Inhaltlich Verantwortlicher: gem\u00e4\u00df \u00a7 10 Absatz 3 MDStV: Henrik Schwertds mit obiger Anschrift Website-Gestaltung21HAVN Grafiken und Bilder Bilder von Pixabay.com und Unsplash.com:Alle bereitgestellten Bilder und Videos auf Pixabay und Unsplash sind gemeinfrei (Public Domain) entsprechend der Verzichtserkl\u00e4rung Creative Commons [&hellip;]<\/p>\n","protected":false},"author":1,"featured_media":0,"parent":0,"menu_order":0,"comment_status":"closed","ping_status":"closed","template":"","meta":{"footnotes":"","_wp_rev_ctl_limit":""},"class_list":["post-211","page","type-page","status-publish","hentry"],"yoast_head":"<!-- This site is optimized with the Yoast SEO plugin v23.0 - https:\/\/yoast.com\/wordpress\/plugins\/seo\/ -->\n<title>Impressum - Zimmerei Wilksen<\/title>\n<meta name=\"robots\" content=\"index, follow, max-snippet:-1, max-image-preview:large, max-video-preview:-1\" \/>\n<link rel=\"canonical\" href=\"https:\/\/ronald-wilksen.de\/es\/impressum\/\" \/>\n<meta property=\"og:locale\" content=\"es_ES\" \/>\n<meta property=\"og:type\" content=\"article\" \/>\n<meta property=\"og:title\" content=\"Impressum - Zimmerei Wilksen\" \/>\n<meta property=\"og:description\" content=\"Ronald Wilksen GmbHPeilstelle 427639 Wurster Nordseek\u00fcste Inhaber: Henrik SchwerdtsUSt.-ID: DE197713580Steuernummer: 49\/200\/20820 Emailinfo@ronald-wilksen.de Telefon\u00a004741 7102 Telefax:04741 7194 Inhaltlich Verantwortlicher: gem\u00e4\u00df \u00a7 10 Absatz 3 MDStV: Henrik Schwertds mit obiger Anschrift Website-Gestaltung21HAVN Grafiken und Bilder Bilder von Pixabay.com und Unsplash.com:Alle bereitgestellten Bilder und Videos auf Pixabay und Unsplash sind gemeinfrei (Public Domain) entsprechend der Verzichtserkl\u00e4rung Creative Commons [&hellip;]\" \/>\n<meta property=\"og:url\" content=\"https:\/\/ronald-wilksen.de\/es\/impressum\/\" \/>\n<meta property=\"og:site_name\" content=\"Zimmerei Wilksen\" \/>\n<meta property=\"article:modified_time\" content=\"2025-04-17T06:31:42+00:00\" \/>\n<meta name=\"twitter:card\" content=\"summary_large_image\" \/>\n<meta name=\"twitter:label1\" content=\"Tiempo de lectura\" \/>\n\t<meta name=\"twitter:data1\" content=\"3 minutos\" \/>\n<script type=\"application\/ld+json\" class=\"yoast-schema-graph\">{\"@context\":\"https:\/\/schema.org\",\"@graph\":[{\"@type\":\"WebPage\",\"@id\":\"https:\/\/ronald-wilksen.de\/impressum\/\",\"url\":\"https:\/\/ronald-wilksen.de\/impressum\/\",\"name\":\"Impressum - Zimmerei Wilksen\",\"isPartOf\":{\"@id\":\"https:\/\/ronald-wilksen.de\/#website\"},\"datePublished\":\"2024-07-06T07:07:56+00:00\",\"dateModified\":\"2025-04-17T06:31:42+00:00\",\"breadcrumb\":{\"@id\":\"https:\/\/ronald-wilksen.de\/impressum\/#breadcrumb\"},\"inLanguage\":\"es\",\"potentialAction\":[{\"@type\":\"ReadAction\",\"target\":[\"https:\/\/ronald-wilksen.de\/impressum\/\"]}]},{\"@type\":\"BreadcrumbList\",\"@id\":\"https:\/\/ronald-wilksen.de\/impressum\/#breadcrumb\",\"itemListElement\":[{\"@type\":\"ListItem\",\"position\":1,\"name\":\"Startseite\",\"item\":\"https:\/\/ronald-wilksen.de\/\"},{\"@type\":\"ListItem\",\"position\":2,\"name\":\"Impressum\"}]},{\"@type\":\"WebSite\",\"@id\":\"https:\/\/ronald-wilksen.de\/#website\",\"url\":\"https:\/\/ronald-wilksen.de\/\",\"name\":\"Zimmerei Wilksen\",\"description\":\"Zimmerei &amp; Holzbau - Schl\u00fcsselfertigbau - Umbau &amp; Sanierung\",\"publisher\":{\"@id\":\"https:\/\/ronald-wilksen.de\/#organization\"},\"potentialAction\":[{\"@type\":\"SearchAction\",\"target\":{\"@type\":\"EntryPoint\",\"urlTemplate\":\"https:\/\/ronald-wilksen.de\/?s={search_term_string}\"},\"query-input\":\"required name=search_term_string\"}],\"inLanguage\":\"es\"},{\"@type\":\"Organization\",\"@id\":\"https:\/\/ronald-wilksen.de\/#organization\",\"name\":\"Zimmerei Wilksen\",\"url\":\"https:\/\/ronald-wilksen.de\/\",\"logo\":{\"@type\":\"ImageObject\",\"inLanguage\":\"es\",\"@id\":\"https:\/\/ronald-wilksen.de\/#\/schema\/logo\/image\/\",\"url\":\"https:\/\/ronald-wilksen.de\/wp-content\/uploads\/2024\/06\/logo-zimmerei-wilksen-horizontal-min.png\",\"contentUrl\":\"https:\/\/ronald-wilksen.de\/wp-content\/uploads\/2024\/06\/logo-zimmerei-wilksen-horizontal-min.png\",\"width\":900,\"height\":200,\"caption\":\"Zimmerei Wilksen\"},\"image\":{\"@id\":\"https:\/\/ronald-wilksen.de\/#\/schema\/logo\/image\/\"}}]}<\/script>\n<!-- \/ Yoast SEO plugin. -->","yoast_head_json":{"title":"Impressum - Zimmerei Wilksen","robots":{"index":"index","follow":"follow","max-snippet":"max-snippet:-1","max-image-preview":"max-image-preview:large","max-video-preview":"max-video-preview:-1"},"canonical":"https:\/\/ronald-wilksen.de\/es\/impressum\/","og_locale":"es_ES","og_type":"article","og_title":"Impressum - Zimmerei Wilksen","og_description":"Ronald Wilksen GmbHPeilstelle 427639 Wurster Nordseek\u00fcste Inhaber: Henrik SchwerdtsUSt.-ID: DE197713580Steuernummer: 49\/200\/20820 Emailinfo@ronald-wilksen.de Telefon\u00a004741 7102 Telefax:04741 7194 Inhaltlich Verantwortlicher: gem\u00e4\u00df \u00a7 10 Absatz 3 MDStV: Henrik Schwertds mit obiger Anschrift Website-Gestaltung21HAVN Grafiken und Bilder Bilder von Pixabay.com und Unsplash.com:Alle bereitgestellten Bilder und Videos auf Pixabay und Unsplash sind gemeinfrei (Public Domain) entsprechend der Verzichtserkl\u00e4rung Creative Commons [&hellip;]","og_url":"https:\/\/ronald-wilksen.de\/es\/impressum\/","og_site_name":"Zimmerei Wilksen","article_modified_time":"2025-04-17T06:31:42+00:00","twitter_card":"summary_large_image","twitter_misc":{"Tiempo de lectura":"3 minutos"},"schema":{"@context":"https:\/\/schema.org","@graph":[{"@type":"WebPage","@id":"https:\/\/ronald-wilksen.de\/impressum\/","url":"https:\/\/ronald-wilksen.de\/impressum\/","name":"Impressum - Zimmerei Wilksen","isPartOf":{"@id":"https:\/\/ronald-wilksen.de\/#website"},"datePublished":"2024-07-06T07:07:56+00:00","dateModified":"2025-04-17T06:31:42+00:00","breadcrumb":{"@id":"https:\/\/ronald-wilksen.de\/impressum\/#breadcrumb"},"inLanguage":"es","potentialAction":[{"@type":"ReadAction","target":["https:\/\/ronald-wilksen.de\/impressum\/"]}]},{"@type":"BreadcrumbList","@id":"https:\/\/ronald-wilksen.de\/impressum\/#breadcrumb","itemListElement":[{"@type":"ListItem","position":1,"name":"Startseite","item":"https:\/\/ronald-wilksen.de\/"},{"@type":"ListItem","position":2,"name":"Impressum"}]},{"@type":"WebSite","@id":"https:\/\/ronald-wilksen.de\/#website","url":"https:\/\/ronald-wilksen.de\/","name":"Carpinter\u00eda Wilksen","description":"Zimmerei &amp; Holzbau - Schl\u00fcsselfertigbau - Umbau &amp; Sanierung","publisher":{"@id":"https:\/\/ronald-wilksen.de\/#organization"},"potentialAction":[{"@type":"SearchAction","target":{"@type":"EntryPoint","urlTemplate":"https:\/\/ronald-wilksen.de\/?s={search_term_string}"},"query-input":"required name=search_term_string"}],"inLanguage":"es"},{"@type":"Organization","@id":"https:\/\/ronald-wilksen.de\/#organization","name":"Carpinter\u00eda Wilksen","url":"https:\/\/ronald-wilksen.de\/","logo":{"@type":"ImageObject","inLanguage":"es","@id":"https:\/\/ronald-wilksen.de\/#\/schema\/logo\/image\/","url":"https:\/\/ronald-wilksen.de\/wp-content\/uploads\/2024\/06\/logo-zimmerei-wilksen-horizontal-min.png","contentUrl":"https:\/\/ronald-wilksen.de\/wp-content\/uploads\/2024\/06\/logo-zimmerei-wilksen-horizontal-min.png","width":900,"height":200,"caption":"Zimmerei Wilksen"},"image":{"@id":"https:\/\/ronald-wilksen.de\/#\/schema\/logo\/image\/"}}]}},"_links":{"self":[{"href":"https:\/\/ronald-wilksen.de\/es\/wp-json\/wp\/v2\/pages\/211","targetHints":{"allow":["GET"]}}],"collection":[{"href":"https:\/\/ronald-wilksen.de\/es\/wp-json\/wp\/v2\/pages"}],"about":[{"href":"https:\/\/ronald-wilksen.de\/es\/wp-json\/wp\/v2\/types\/page"}],"author":[{"embeddable":true,"href":"https:\/\/ronald-wilksen.de\/es\/wp-json\/wp\/v2\/users\/1"}],"replies":[{"embeddable":true,"href":"https:\/\/ronald-wilksen.de\/es\/wp-json\/wp\/v2\/comments?post=211"}],"version-history":[{"count":0,"href":"https:\/\/ronald-wilksen.de\/es\/wp-json\/wp\/v2\/pages\/211\/revisions"}],"wp:attachment":[{"href":"https:\/\/ronald-wilksen.de\/es\/wp-json\/wp\/v2\/media?parent=211"}],"curies":[{"name":"wp","href":"https:\/\/api.w.org\/{rel}","templated":true}]}}